{"id":1027,"date":"2025-07-01T20:03:54","date_gmt":"2025-07-01T20:03:54","guid":{"rendered":"https:\/\/goodtrans.md\/?page_id=1027"},"modified":"2025-07-18T07:34:22","modified_gmt":"2025-07-18T07:34:22","slug":"servicii-vamale","status":"publish","type":"page","link":"https:\/\/goodtrans.md\/ro\/servicii-vamale\/","title":{"rendered":"SERVICII VAMALE"},"content":{"rendered":"\n<div class=\"wp-block-group is-vertical is-content-justification-stretch is-layout-flex wp-container-core-group-is-layout-3e077f21 wp-block-group-is-layout-flex block-visibility-hide-medium-screen block-visibility-hide-small-screen\" style=\"margin-top:0;margin-bottom:0;padding-right:220px;padding-left:220px\">\n<p class=\"has-medium-font-size\">La GoodTrans &amp; Co oferim servicii complexe privind \u00eentocmirea \u0219i gestionarea documenta\u021biei necesare pentru plasarea m\u0103rfurilor sub diverse regimuri vamale, adaptate cerin\u021belor specifice ale clien\u021bilor no\u0219tri.<\/p>\n\n\n\n<div class=\"wp-block-group is-vertical is-content-justification-stretch is-layout-flex wp-container-core-group-is-layout-92f16597 wp-block-group-is-layout-flex\">\n<p class=\"has-text-align-center has-x-large-font-size\"><strong>Printre acestea se num\u0103r\u0103:<\/strong><\/p>\n\n\n\n<div class=\"wp-block-group is-content-justification-center is-nowrap is-layout-flex wp-container-core-group-is-layout-12210065 wp-block-group-is-layout-flex\" style=\"padding-right:0;padding-left:0\">\n<div class=\"wp-block-group is-vertical is-content-justification-stretch is-layout-flex wp-container-core-group-is-layout-4f8b33df wp-block-group-is-layout-flex\" style=\"padding-top:0\">\n<div class=\"wp-block-group is-nowrap is-layout-flex wp-container-core-group-is-layout-4abe52d7 wp-block-group-is-layout-flex\" style=\"padding-right:var(--wp--preset--spacing--50)\">\n<p class=\"has-medium-font-size\" style=\"line-height:2.5\">\u2022 Punerea \u00een libera circula\u021bie (declaratie vamal\u0103 de import);<br> \u2022 Regimuri de tranzit vamal (T1 \/ T2), inclusiv Carnet TIR;<br> \u2022 Antrepozit vamal \u0219i depozitare sub supraveghere vamal\u0103;<br> \u2022 Perfectionarea activ\u0103 \u0219i pasiv\u0103;<br> \u2022 Transformarea sub control vamal;<br> \u2022 Admiterea temporar\u0103;<br> \u2022 Export \u0219i declararea intrastate a m\u0103rfurilor;<br> \u2022 Vamuirea m\u0103rfurilor de export-import \u00een Uniunea European\u0103;<br> \u2022 Prezentarea m\u0103rfurilor pentru control fizic \u00een fa\u021ba autorit\u0103\u021bilor vamale;<br> \u2022 Acordarea garan\u021biei financiare globale pentru tranzitul prin Republica Moldova \u0219i UE;<br> \u2022 Logistica m\u0103rfurilor vamuite, asigur\u00e2nd o gestionare eficient\u0103 \u0219i conform\u0103 cu reglement\u0103rile \u00een vigoare.<\/p>\n<\/div>\n\n\n\n<hr class=\"wp-block-separator has-text-color has-alpha-channel-opacity has-background wp-container-content-e2fe384e\" style=\"background-color:#3a6a72;color:#3a6a72\"\/>\n<\/div>\n\n\n\n<div class=\"wp-block-group is-vertical is-layout-flex wp-container-core-group-is-layout-fe04955e wp-block-group-is-layout-flex has-background\" style=\"padding-top:258px;padding-right:var(--wp--preset--spacing--80);padding-bottom:258px;padding-left:var(--wp--preset--spacing--80);background-image:url(&apos;https:\/\/goodtrans.md\/wp-content\/uploads\/2025\/07\/Right-side-trucky-package.png&apos;);background-size:cover;\"><\/div>\n<\/div>\n<\/div>\n\n\n\n<div class=\"wp-block-group is-vertical is-content-justification-stretch is-layout-flex wp-container-core-group-is-layout-e5164a33 wp-block-group-is-layout-flex\" style=\"padding-right:var(--wp--preset--spacing--60);padding-left:var(--wp--preset--spacing--60)\">\n<p class=\"has-text-align-center has-x-large-font-size\"><strong>Oferim<\/strong><\/p>\n\n\n\n<div class=\"wp-block-group has-border-color is-vertical is-layout-flex wp-container-core-group-is-layout-777ba6ff wp-block-group-is-layout-flex\" style=\"border-color:#244f56;border-width:2px;margin-top:var(--wp--preset--spacing--30);padding-top:var(--wp--preset--spacing--40);padding-right:var(--wp--preset--spacing--40);padding-bottom:var(--wp--preset--spacing--40);padding-left:var(--wp--preset--spacing--40);box-shadow:var(--wp--preset--shadow--shadow-2)\">\n<p class=\"has-text-align-left has-medium-font-size\">\u00cen plus, echipa noastr\u0103 ofer\u0103 consultan\u021b\u0103 vamal\u0103 profesionist\u0103, sprijin \u00een procedurile de lucru, reprezentare \u00een fa\u021ba autorit\u0103\u021bilor vamale \u0219i solu\u021bionarea tuturor problemelor cu care v\u0103 pute\u021bi confrunta din punct de vedere vamal sau fiscal.<br><br>Toate aceste servicii sunt realizate de personal specializat, cu un \u00eenalt grad de profesionalism \u0219i o vast\u0103 experien\u021b\u0103 \u00een domeniul vamal, asigur\u00e2nd astfel siguran\u021ba \u0219i eficien\u021ba opera\u021biunilor dumneavoastr\u0103 comerciale.<\/p>\n<\/div>\n<\/div>\n<\/div>\n\n\n\n<div class=\"wp-block-group is-vertical is-content-justification-stretch is-layout-flex wp-container-core-group-is-layout-6bf4a9be wp-block-group-is-layout-flex block-visibility-hide-large-screen\" style=\"margin-top:var(--wp--preset--spacing--50);margin-bottom:0;padding-right:var(--wp--preset--spacing--50);padding-left:var(--wp--preset--spacing--50)\">\n<p class=\"has-medium-font-size\" id=\"text-to-justify\">La GoodTrans &amp; Co oferim servicii complexe privind \u00eentocmirea \u0219i gestionarea documenta\u021biei necesare pentru plasarea m\u0103rfurilor sub diverse regimuri vamale, adaptate cerin\u021belor specifice ale clien\u021bilor no\u0219tri.<\/p>\n\n\n\n<p class=\"has-text-align-center has-x-large-font-size\"><strong>Printre acestea se num\u0103r\u0103:<\/strong><\/p>\n\n\n\n<div class=\"wp-block-group is-content-justification-center is-nowrap is-layout-flex wp-container-core-group-is-layout-12210065 wp-block-group-is-layout-flex\" style=\"padding-right:0;padding-left:0\">\n<div class=\"wp-block-group is-vertical is-content-justification-stretch is-layout-flex wp-container-core-group-is-layout-da6ae9cc wp-block-group-is-layout-flex\" style=\"padding-top:0\">\n<div class=\"wp-block-group is-content-justification-left is-nowrap is-layout-flex wp-container-core-group-is-layout-35e78170 wp-block-group-is-layout-flex\" style=\"margin-top:0;margin-bottom:0\">\n<div class=\"wp-block-group is-vertical is-layout-flex wp-container-core-group-is-layout-9f3e8b20 wp-block-group-is-layout-flex has-background\" style=\"padding-top:130px;padding-right:71px;padding-bottom:130px;padding-left:71px;background-image:url(&apos;https:\/\/goodtrans.md\/wp-content\/uploads\/2025\/07\/Right-side-trucky-package.png&apos;);background-size:cover;\"><\/div>\n\n\n\n<p class=\"has-text-align-left has-medium-font-size\" id=\"text-to-justify\" style=\"line-height:1.5\"> \u2022 Punerea \u00een libera circula\u021bie (declaratie vamal\u0103 de import);<br> \u2022 Regimuri de tranzit vamal (T1 \/ T2), inclusiv Carnet TIR;<br> \u2022 Antrepozit vamal \u0219i depozitare sub supraveghere vamal\u0103;<br> \u2022 Perfectionarea activ\u0103 \u0219i pasiv\u0103;<\/p>\n<\/div>\n\n\n\n<div class=\"wp-block-group is-vertical is-layout-flex wp-container-core-group-is-layout-fe9cc265 wp-block-group-is-layout-flex\">\n<p class=\"has-medium-font-size\" style=\"line-height:1.5\"> \u2022 Transformarea sub control vamal; <br> \u2022 Admiterea temporar\u0103;<br> \u2022 Export \u0219i declararea intrastate a m\u0103rfurilor;<br> \u2022 Vamuirea m\u0103rfurilor de export-import \u00een Uniunea European\u0103;<br> \u2022 Prezentarea m\u0103rfurilor pentru control fizic \u00een fa\u021ba autorit\u0103\u021bilor vamale;<br> \u2022 Acordarea garan\u021biei financiare globale pentru tranzitul prin Republica Moldova \u0219i UE;<br> \u2022 Logistica m\u0103rfurilor vamuite, asigur\u00e2nd o gestionare eficient\u0103 \u0219i conform\u0103 cu reglement\u0103rile \u00een vigoare.<\/p>\n<\/div>\n<\/div>\n<\/div>\n\n\n\n<hr class=\"wp-block-separator has-text-color has-alpha-channel-opacity has-background wp-container-content-e2fe384e\" style=\"background-color:#3a6a72;color:#3a6a72\"\/>\n\n\n\n<div class=\"wp-block-group is-vertical is-content-justification-stretch is-layout-flex wp-container-core-group-is-layout-e1693e9e wp-block-group-is-layout-flex\" style=\"padding-right:0;padding-left:0\">\n<p class=\"has-text-align-center has-x-large-font-size\"><strong>Oferim<\/strong><\/p>\n\n\n\n<div class=\"wp-block-group has-border-color is-vertical is-layout-flex wp-container-core-group-is-layout-f65dcd19 wp-block-group-is-layout-flex\" style=\"border-color:#244f56;border-width:2px;margin-top:0;padding-top:var(--wp--preset--spacing--40);padding-right:var(--wp--preset--spacing--40);padding-bottom:var(--wp--preset--spacing--40);padding-left:var(--wp--preset--spacing--40);box-shadow:var(--wp--preset--shadow--shadow-2)\">\n<p class=\"has-text-align-left has-medium-font-size\">\u00cen plus, echipa noastr\u0103 ofer\u0103 consultan\u021b\u0103 vamal\u0103 profesionist\u0103, sprijin \u00een procedurile de lucru, reprezentare \u00een fa\u021ba autorit\u0103\u021bilor vamale \u0219i solu\u021bionarea tuturor problemelor cu care v\u0103 pute\u021bi confrunta din punct de vedere vamal sau fiscal.<br>Toate aceste servicii sunt realizate de personal specializat, cu un \u00eenalt grad de profesionalism \u0219i o vast\u0103 experien\u021b\u0103 \u00een domeniul vamal, asigur\u00e2nd astfel siguran\u021ba \u0219i eficien\u021ba opera\u021biunilor dumneavoastr\u0103 comerciale.<\/p>\n<\/div>\n<\/div>\n<\/div>\n","protected":false},"excerpt":{"rendered":"<p>La GoodTrans &amp; Co oferim servicii complexe privind \u00eentocmirea \u0219i gestionarea documenta\u021biei necesare pentru plasarea m\u0103rfurilor sub diverse regimuri vamale, adaptate cerin\u021belor specifice ale clien\u021bilor no\u0219tri. Printre acestea se num\u0103r\u0103: \u2022 Punerea \u00een libera circula\u021bie (declaratie vamal\u0103 de import); \u2022 Regimuri de tranzit vamal (T1 \/ T2), inclusiv Carnet TIR; \u2022 Antrepozit vamal \u0219i depozitare [&hellip;]<\/p>\n","protected":false},"author":1,"featured_media":1319,"parent":0,"menu_order":0,"comment_status":"closed","ping_status":"closed","template":"wp-custom-template-serviciu","meta":{"footnotes":""},"class_list":["post-1027","page","type-page","status-publish","has-post-thumbnail","hentry"],"aioseo_notices":[],"_links":{"self":[{"href":"https:\/\/goodtrans.md\/ro\/wp-json\/wp\/v2\/pages\/1027","targetHints":{"allow":["GET"]}}],"collection":[{"href":"https:\/\/goodtrans.md\/ro\/wp-json\/wp\/v2\/pages"}],"about":[{"href":"https:\/\/goodtrans.md\/ro\/wp-json\/wp\/v2\/types\/page"}],"author":[{"embeddable":true,"href":"https:\/\/goodtrans.md\/ro\/wp-json\/wp\/v2\/users\/1"}],"replies":[{"embeddable":true,"href":"https:\/\/goodtrans.md\/ro\/wp-json\/wp\/v2\/comments?post=1027"}],"version-history":[{"count":101,"href":"https:\/\/goodtrans.md\/ro\/wp-json\/wp\/v2\/pages\/1027\/revisions"}],"predecessor-version":[{"id":2958,"href":"https:\/\/goodtrans.md\/ro\/wp-json\/wp\/v2\/pages\/1027\/revisions\/2958"}],"wp:featuredmedia":[{"embeddable":true,"href":"https:\/\/goodtrans.md\/ro\/wp-json\/wp\/v2\/media\/1319"}],"wp:attachment":[{"href":"https:\/\/goodtrans.md\/ro\/wp-json\/wp\/v2\/media?parent=1027"}],"curies":[{"name":"wp","href":"https:\/\/api.w.org\/{rel}","templated":true}]}}