{"id":1026,"date":"2025-07-01T19:53:33","date_gmt":"2025-07-01T19:53:33","guid":{"rendered":"https:\/\/goodtrans.md\/?page_id=1026"},"modified":"2025-07-18T13:54:05","modified_gmt":"2025-07-18T11:54:05","slug":"depozitare-marfa","status":"publish","type":"page","link":"https:\/\/goodtrans.md\/ro\/depozitare-marfa\/","title":{"rendered":"DEPOZITARE \nMARF\u0102"},"content":{"rendered":"\n<div class=\"wp-block-group is-style-default is-vertical is-content-justification-stretch is-layout-flex wp-container-core-group-is-layout-9ab95360 wp-block-group-is-layout-flex\" style=\"margin-top:0;margin-bottom:0;padding-right:0;padding-left:0\">\n<div class=\"wp-block-group is-nowrap is-layout-flex wp-container-core-group-is-layout-3a39c7d1 wp-block-group-is-layout-flex\" style=\"margin-top:var(--wp--preset--spacing--20);margin-bottom:var(--wp--preset--spacing--20);padding-right:var(--wp--preset--spacing--70);padding-left:var(--wp--preset--spacing--70)\">\n<p class=\"has-medium-font-size\">GoodTrans, \u00eempreun\u0103 cu partenerii s\u0103i strategici, ofer\u0103 solu\u021bii logistice integrate care acoper\u0103 toate etapele necesare pentru manipularea, transbordarea \u0219i depozitarea m\u0103rfurilor. Dispunem de infrastructur\u0103 modern\u0103 \u0219i echipamente performante, menite s\u0103 asigure siguran\u021ba, integritatea \u0219i eficien\u021ba opera\u021biunilor logistice.<\/p>\n<\/div>\n\n\n\n<div class=\"wp-block-group is-vertical is-content-justification-center is-layout-flex wp-container-core-group-is-layout-09c06222 wp-block-group-is-layout-flex block-visibility-hide-medium-screen block-visibility-hide-small-screen\" style=\"margin-top:0;margin-bottom:0;padding-right:var(--wp--preset--spacing--80);padding-left:var(--wp--preset--spacing--80)\">\n<p class=\"has-text-align-center has-x-large-font-size\"><strong>Printre facilit\u0103\u021bile \u0219i echipamentele pe care le punem la dispozi\u021bie se num\u0103r\u0103:<\/strong><\/p>\n\n\n\n<div class=\"wp-block-group is-vertical is-content-justification-stretch is-nowrap is-layout-flex wp-container-core-group-is-layout-237a8d04 wp-block-group-is-layout-flex\" style=\"border-radius:11px;margin-top:0;margin-bottom:0;padding-top:0;padding-right:266px;padding-bottom:0;padding-left:266px\">\n<div class=\"wp-block-group is-style-default animated backInLeft fast o-anim-offset-10% has-background wp-elements-dae19dc1c78de8940acd4dcf5108bba2 is-content-justification-space-between is-nowrap is-layout-flex wp-container-core-group-is-layout-ca25467d wp-block-group-is-layout-flex\" style=\"border-radius:11px;background:linear-gradient(90deg,rgb(58,105,113) 0%,rgb(88,139,150) 79%,rgb(218,250,255) 100%);min-height:0px;margin-top:0;margin-bottom:0;padding-top:var(--wp--preset--spacing--30);padding-right:var(--wp--preset--spacing--80);padding-bottom:var(--wp--preset--spacing--30);padding-left:var(--wp--preset--spacing--50);box-shadow:var(--wp--preset--shadow--natural)\">\n<h3 class=\"wp-block-heading has-text-align-left has-base-color has-text-color has-link-color has-medium-font-size wp-elements-b86feb1bb10fa23b92c5ad86c228adf8\">Hale spa\u021bioase \u0219i securizate, adaptate pentru depozitarea m\u0103rfurilor de diferite tipuri \u0219i dimensiuni, <br>inclusiv bunuri voluminoase sau sensibile.<\/h3>\n<\/div>\n\n\n\n<div class=\"wp-block-group is-style-default animated backInLeft fast o-anim-offset-10% has-background wp-elements-40da01256f8727354bb153728d416581 is-content-justification-space-between is-nowrap is-layout-flex wp-container-core-group-is-layout-ca25467d wp-block-group-is-layout-flex\" style=\"border-radius:11px;background:linear-gradient(90deg,rgb(58,105,113) 0%,rgb(88,139,150) 79%,rgb(218,250,255) 100%);min-height:0px;margin-top:0;margin-bottom:0;padding-top:var(--wp--preset--spacing--30);padding-right:var(--wp--preset--spacing--80);padding-bottom:var(--wp--preset--spacing--30);padding-left:var(--wp--preset--spacing--50);box-shadow:var(--wp--preset--shadow--natural)\">\n<h3 class=\"wp-block-heading has-base-color has-text-color has-link-color has-medium-font-size wp-elements-93c8d5615c8cb2b4a4b39b944db9da68\">Motostivuitoare \u0219i macarale moderne, care permit manipularea rapid\u0103 \u0219i \u00een siguran\u021b\u0103 a \u00eenc\u0103rc\u0103turilor.<\/h3>\n<\/div>\n\n\n\n<div class=\"wp-block-group is-style-default animated backInLeft fast o-anim-offset-10% has-background wp-elements-e754f1d341064c98915d686d0c3defcb is-content-justification-space-between is-nowrap is-layout-flex wp-container-core-group-is-layout-ca25467d wp-block-group-is-layout-flex\" style=\"border-radius:11px;background:linear-gradient(90deg,rgb(58,105,113) 0%,rgb(88,139,150) 79%,rgb(218,250,255) 100%);min-height:0px;margin-top:0;margin-bottom:0;padding-top:var(--wp--preset--spacing--30);padding-right:var(--wp--preset--spacing--80);padding-bottom:var(--wp--preset--spacing--30);padding-left:var(--wp--preset--spacing--50);box-shadow:var(--wp--preset--shadow--natural)\">\n<h3 class=\"wp-block-heading has-base-color has-text-color has-link-color has-medium-font-size wp-elements-7b90d14b6aaf19e5c34efb46d345bb64\">Cisterne, remorci, tractoare \u0219i platforme de transport pentru operarea eficient\u0103 a lan\u021bului logistic \u0219i a transportului multimodal.<\/h3>\n<\/div>\n\n\n\n<div class=\"wp-block-group is-style-default animated backInLeft fast o-anim-offset-10% has-background wp-elements-f537a6e24b38c4340cfc7f8d85a277d1 is-content-justification-space-between is-nowrap is-layout-flex wp-container-core-group-is-layout-ca25467d wp-block-group-is-layout-flex\" style=\"border-radius:11px;background:linear-gradient(90deg,rgb(58,105,113) 0%,rgb(88,139,150) 79%,rgb(218,250,255) 100%);min-height:0px;margin-top:0;margin-bottom:0;padding-top:var(--wp--preset--spacing--30);padding-right:var(--wp--preset--spacing--80);padding-bottom:var(--wp--preset--spacing--30);padding-left:var(--wp--preset--spacing--50);box-shadow:var(--wp--preset--shadow--natural)\">\n<h3 class=\"wp-block-heading has-base-color has-text-color has-link-color has-medium-font-size wp-elements-36bc25c5a805d75d5fa72ea8704ea53d\">Personal calificat \u0219i experimentat, cu competen\u021be \u00een gestionarea tuturor tipurilor de m\u0103rfuri, de la cele <br>uzuale p\u00e2n\u0103 la cele speciale, inclusiv \u00eenc\u0103rc\u0103turi fragile, perisabile sau agabaritice.<\/h3>\n<\/div>\n<\/div>\n\n\n\n<p class=\"has-medium-font-size\">Ne angaj\u0103m s\u0103 oferim clien\u021bilor no\u0219tri nu doar servicii, ci parteneriate solide bazate pe \u00eencredere, transparen\u021b\u0103 \u0219i solu\u021bii personalizate. Indiferent de tipul m\u0103rfii, volumul sau greutatea acesteia, avem capacitatea \u0219i resursele necesare pentru a g\u0103si cele mai bune op\u021biuni logistice, adaptate cerin\u021belor specifice \u0219i constr\u00e2ngerilor obiective.<\/p>\n\n\n\n<div class=\"wp-block-group is-vertical is-content-justification-stretch is-layout-flex wp-container-core-group-is-layout-01e637cf wp-block-group-is-layout-flex\" style=\"margin-top:0;margin-bottom:0;padding-right:0;padding-left:0\">\n<p class=\"has-text-align-center has-x-large-font-size\"><strong>Asigur\u0103m<\/strong><\/p>\n\n\n\n<p class=\"has-text-align-left has-medium-font-size\">De asemenea, asigur\u0103m flexibilitate \u00een opera\u021biuni, facilit\u00e2nd depozitarea pe termen scurt sau lung, cu monitorizare permanent\u0103 a stocurilor \u0219i optimizarea fluxurilor de lucru pentru a reduce costurile \u0219i timpii de manipulare.<\/p>\n<\/div>\n\n\n\n<div class=\"wp-block-group is-vertical is-content-justification-stretch is-layout-flex wp-container-core-group-is-layout-01e637cf wp-block-group-is-layout-flex\" style=\"margin-top:0;margin-bottom:0;padding-right:0;padding-left:0\">\n<p class=\"has-text-align-center has-x-large-font-size\"><strong>Partener logistic de \u00eencredere<\/strong><\/p>\n\n\n\n<p class=\"has-text-align-left has-medium-font-size\">Prin aceast\u0103 abordare complet\u0103 \u0219i profesionist\u0103, Goodtrans se pozi\u021bioneaz\u0103 ca un partener logistic de \u00eencredere, capabil s\u0103 sus\u021bin\u0103 afaceri de orice dimensiune \u0219i complexitate, oriunde \u00een lume.<\/p>\n<\/div>\n<\/div>\n\n\n\n<div class=\"wp-block-group is-vertical is-content-justification-stretch is-layout-flex wp-container-core-group-is-layout-fa79bcef wp-block-group-is-layout-flex block-visibility-hide-large-screen\" style=\"margin-bottom:0;padding-right:var(--wp--preset--spacing--60);padding-left:var(--wp--preset--spacing--60)\">\n<p class=\"has-text-align-center has-x-large-font-size\"><strong>Printre facilit\u0103\u021bile \u0219i echipamentele pe care le punem la dispozi\u021bie se num\u0103r\u0103:<\/strong><\/p>\n\n\n\n<div class=\"wp-block-group is-vertical is-content-justification-stretch is-nowrap is-layout-flex wp-container-core-group-is-layout-e020dbb8 wp-block-group-is-layout-flex\" style=\"border-radius:11px;margin-top:0;margin-bottom:0;padding-top:0;padding-right:0;padding-bottom:0;padding-left:0\">\n<div class=\"wp-block-group is-style-default animated backInLeft fast o-anim-offset-10% has-background wp-elements-3dab4cb30a1e3fabc4d7867d0f5ebe2a is-content-justification-space-between is-nowrap is-layout-flex wp-container-core-group-is-layout-c2fd4650 wp-block-group-is-layout-flex\" style=\"border-radius:11px;background:linear-gradient(180deg,rgb(58,105,113) 0%,rgb(88,139,150) 78%,rgb(218,250,255) 100%);min-height:0px;margin-top:0;margin-bottom:0;padding-top:25px;padding-right:var(--wp--preset--spacing--50);padding-bottom:25px;padding-left:var(--wp--preset--spacing--50);box-shadow:var(--wp--preset--shadow--natural)\">\n<h3 class=\"wp-block-heading has-base-color has-text-color has-link-color has-medium-font-size wp-elements-c612a6c5a1d9da565586aa47628df250\" id=\"text-to-justify\">Hale spa\u021bioase \u0219i securizate, adaptate pentru depozitarea m\u0103rfurilor de diferite tipuri \u0219i dimensiuni, inclusiv bunuri voluminoase sau sensibile.<\/h3>\n<\/div>\n\n\n\n<div class=\"wp-block-group is-style-default animated backInLeft fast o-anim-offset-10% has-background wp-elements-1296a6ea8b3150fb7cf03279c6362026 is-content-justification-space-between is-nowrap is-layout-flex wp-container-core-group-is-layout-6051a4ea wp-block-group-is-layout-flex\" style=\"border-radius:11px;background:linear-gradient(180deg,rgb(58,105,113) 0%,rgb(88,139,150) 78%,rgb(218,250,255) 100%);min-height:0px;margin-top:0;margin-bottom:0;padding-top:40px;padding-right:var(--wp--preset--spacing--50);padding-bottom:40px;padding-left:var(--wp--preset--spacing--50);box-shadow:var(--wp--preset--shadow--natural)\">\n<h3 class=\"wp-block-heading has-base-color has-text-color has-link-color has-medium-font-size wp-elements-e818ff18554038c12943f4c6bb18d649\" id=\"text-to-justify\">Motostivuitoare \u0219i macarale moderne, care permit manipularea rapid\u0103 \u0219i \u00een siguran\u021b\u0103 a \u00eenc\u0103rc\u0103turilor.<\/h3>\n<\/div>\n\n\n\n<div class=\"wp-block-group is-style-default animated backInLeft fast o-anim-offset-10% has-background wp-elements-e05d2e020d6cb4356a7dbc085d20f2d7 is-content-justification-space-between is-nowrap is-layout-flex wp-container-core-group-is-layout-6051a4ea wp-block-group-is-layout-flex\" style=\"border-radius:11px;background:linear-gradient(180deg,rgb(58,105,113) 0%,rgb(88,139,150) 78%,rgb(218,250,255) 100%);min-height:0px;margin-top:0;margin-bottom:0;padding-top:40px;padding-right:var(--wp--preset--spacing--50);padding-bottom:40px;padding-left:var(--wp--preset--spacing--50);box-shadow:var(--wp--preset--shadow--natural)\">\n<h3 class=\"wp-block-heading has-base-color has-text-color has-link-color has-medium-font-size wp-elements-0abaf3ce0e69f259f9232cce71786310\" id=\"text-to-justify\">Camere frigorifice, cu regim de temperatur\u0103 \u00een intervalul -25\u00b0C p\u00e2n\u0103 la +25\u00b0C, asigur\u00e2nd p\u0103strarea optim\u0103 a produselor sensibile \u0219i perisabile;<\/h3>\n<\/div>\n\n\n\n<div class=\"wp-block-group is-style-default animated backInLeft fast o-anim-offset-10% has-background wp-elements-f97b9802f4e164f2a9e55985fceadbb2 is-content-justification-space-between is-nowrap is-layout-flex wp-container-core-group-is-layout-6051a4ea wp-block-group-is-layout-flex\" style=\"border-radius:11px;background:linear-gradient(180deg,rgb(58,105,113) 0%,rgb(88,139,150) 78%,rgb(218,250,255) 100%);min-height:0px;margin-top:0;margin-bottom:0;padding-top:40px;padding-right:var(--wp--preset--spacing--50);padding-bottom:40px;padding-left:var(--wp--preset--spacing--50);box-shadow:var(--wp--preset--shadow--natural)\">\n<h3 class=\"wp-block-heading has-base-color has-text-color has-link-color has-medium-font-size wp-elements-b94c6d656f6d5ff9a7f5cc4c87b846c2\" id=\"text-to-justify\">Personal calificat \u0219i experimentat, cu competen\u021be \u00een gestionarea tuturor tipurilor de m\u0103rfuri, de la cele uzuale p\u00e2n\u0103 la cele speciale, inclusiv \u00eenc\u0103rc\u0103turi fragile, perisabile sau agabaritice.<\/h3>\n<\/div>\n<\/div>\n\n\n\n<p class=\"has-medium-font-size\">Ne angaj\u0103m s\u0103 oferim clien\u021bilor no\u0219tri nu doar servicii, ci parteneriate solide bazate pe \u00eencredere, transparen\u021b\u0103 \u0219i solu\u021bii personalizate. Indiferent de tipul m\u0103rfii, volumul sau greutatea acesteia, avem capacitatea \u0219i resursele necesare pentru a g\u0103si cele mai bune op\u021biuni logistice, adaptate cerin\u021belor specifice \u0219i constr\u00e2ngerilor obiective.<\/p>\n\n\n\n<div class=\"wp-block-group is-vertical is-content-justification-center is-layout-flex wp-container-core-group-is-layout-fc8a378e wp-block-group-is-layout-flex\" style=\"margin-top:0;margin-bottom:0;padding-right:0;padding-left:0\">\n<p class=\"has-text-align-center has-x-large-font-size\"><strong>Asigur\u0103m<\/strong><\/p>\n\n\n\n<p class=\"has-text-align-left has-medium-font-size\">De asemenea, asigur\u0103m flexibilitate \u00een opera\u021biuni, facilit\u00e2nd depozitarea pe termen scurt sau lung, cu monitorizare permanent\u0103 a stocurilor \u0219i optimizarea fluxurilor de lucru pentru a reduce costurile \u0219i timpii de manipulare.<\/p>\n<\/div>\n\n\n\n<div class=\"wp-block-group is-vertical is-content-justification-stretch is-layout-flex wp-container-core-group-is-layout-01e637cf wp-block-group-is-layout-flex\" style=\"margin-top:0;margin-bottom:0;padding-right:0;padding-left:0\">\n<p class=\"has-text-align-center has-x-large-font-size\"><strong>Partener logistic de \u00eencredere<\/strong><\/p>\n\n\n\n<p class=\"has-text-align-left has-medium-font-size\">Prin aceast\u0103 abordare complet\u0103 \u0219i profesionist\u0103, Goodtrans se pozi\u021bioneaz\u0103 ca un partener logistic de \u00eencredere, capabil s\u0103 sus\u021bin\u0103 afaceri de orice dimensiune \u0219i complexitate, oriunde \u00een lume.<\/p>\n<\/div>\n<\/div>\n<\/div>\n","protected":false},"excerpt":{"rendered":"<p>GoodTrans, \u00eempreun\u0103 cu partenerii s\u0103i strategici, ofer\u0103 solu\u021bii logistice integrate care acoper\u0103 toate etapele necesare pentru manipularea, transbordarea \u0219i depozitarea m\u0103rfurilor. Dispunem de infrastructur\u0103 modern\u0103 \u0219i echipamente performante, menite s\u0103 asigure siguran\u021ba, integritatea \u0219i eficien\u021ba opera\u021biunilor logistice. Printre facilit\u0103\u021bile \u0219i echipamentele pe care le punem la dispozi\u021bie se num\u0103r\u0103: Hale spa\u021bioase \u0219i securizate, adaptate pentru [&hellip;]<\/p>\n","protected":false},"author":1,"featured_media":1292,"parent":0,"menu_order":0,"comment_status":"closed","ping_status":"closed","template":"wp-custom-template-serviciu","meta":{"footnotes":""},"class_list":["post-1026","page","type-page","status-publish","has-post-thumbnail","hentry"],"aioseo_notices":[],"_links":{"self":[{"href":"https:\/\/goodtrans.md\/ro\/wp-json\/wp\/v2\/pages\/1026","targetHints":{"allow":["GET"]}}],"collection":[{"href":"https:\/\/goodtrans.md\/ro\/wp-json\/wp\/v2\/pages"}],"about":[{"href":"https:\/\/goodtrans.md\/ro\/wp-json\/wp\/v2\/types\/page"}],"author":[{"embeddable":true,"href":"https:\/\/goodtrans.md\/ro\/wp-json\/wp\/v2\/users\/1"}],"replies":[{"embeddable":true,"href":"https:\/\/goodtrans.md\/ro\/wp-json\/wp\/v2\/comments?post=1026"}],"version-history":[{"count":122,"href":"https:\/\/goodtrans.md\/ro\/wp-json\/wp\/v2\/pages\/1026\/revisions"}],"predecessor-version":[{"id":2941,"href":"https:\/\/goodtrans.md\/ro\/wp-json\/wp\/v2\/pages\/1026\/revisions\/2941"}],"wp:featuredmedia":[{"embeddable":true,"href":"https:\/\/goodtrans.md\/ro\/wp-json\/wp\/v2\/media\/1292"}],"wp:attachment":[{"href":"https:\/\/goodtrans.md\/ro\/wp-json\/wp\/v2\/media?parent=1026"}],"curies":[{"name":"wp","href":"https:\/\/api.w.org\/{rel}","templated":true}]}}