{"id":1025,"date":"2025-07-01T20:03:44","date_gmt":"2025-07-01T20:03:44","guid":{"rendered":"https:\/\/goodtrans.md\/?page_id=1025"},"modified":"2025-07-18T06:55:02","modified_gmt":"2025-07-18T06:55:02","slug":"transport-rutier","status":"publish","type":"page","link":"https:\/\/goodtrans.md\/ro\/transport-rutier\/","title":{"rendered":"TRANSPORT\nRUTIER"},"content":{"rendered":"\n<div class=\"wp-block-group is-vertical is-content-justification-stretch is-layout-flex wp-container-core-group-is-layout-e97d0e0e wp-block-group-is-layout-flex\">\n<div class=\"wp-block-group is-vertical is-content-justification-stretch is-layout-flex wp-container-core-group-is-layout-1036ec6b wp-block-group-is-layout-flex\" style=\"margin-top:0;margin-bottom:0;padding-top:0;padding-right:0;padding-left:0\">\n<div class=\"wp-block-group is-content-justification-center is-nowrap is-layout-flex wp-container-core-group-is-layout-1b8d02f2 wp-block-group-is-layout-flex block-visibility-hide-medium-screen block-visibility-hide-small-screen\" style=\"margin-top:var(--wp--preset--spacing--20);margin-bottom:var(--wp--preset--spacing--20);padding-right:var(--wp--preset--spacing--80);padding-left:var(--wp--preset--spacing--80)\">\n<p class=\"has-text-align-center has-x-large-font-size\" style=\"line-height:1.2\"><strong>Transport Auto Complet (FTL \u2013 Full Truck Load)<\/strong><\/p>\n<\/div>\n\n\n\n<div class=\"wp-block-group is-content-justification-center is-nowrap is-layout-flex wp-container-core-group-is-layout-1b8d02f2 wp-block-group-is-layout-flex block-visibility-hide-large-screen\" style=\"margin-top:var(--wp--preset--spacing--20);margin-bottom:var(--wp--preset--spacing--20);padding-right:var(--wp--preset--spacing--80);padding-left:var(--wp--preset--spacing--80)\">\n<p class=\"has-text-align-center has-x-large-font-size\" style=\"line-height:1.2\"><strong>Transport Auto Complet (FTL)<\/strong><\/p>\n<\/div>\n\n\n\n<div class=\"wp-block-group is-content-justification-space-between is-nowrap is-layout-flex wp-container-core-group-is-layout-75613ac9 wp-block-group-is-layout-flex block-visibility-hide-medium-screen block-visibility-hide-small-screen\" style=\"padding-top:0;padding-right:220px;padding-left:220px\">\n<div class=\"wp-block-group is-vertical is-content-justification-stretch is-layout-flex wp-container-core-group-is-layout-fd720049 wp-block-group-is-layout-flex\">\n<div class=\"wp-block-group is-content-justification-space-between is-nowrap is-layout-flex wp-container-core-group-is-layout-7988dc60 wp-block-group-is-layout-flex\" style=\"padding-right:var(--wp--preset--spacing--50)\">\n<p class=\"has-medium-font-size\">Transportul complet presupune utilizarea exclusiv\u0103 a unui mijloc de transport pentru m\u0103rfuri, indiferent dac\u0103 se utilizeaz\u0103 \u00eentreaga capacitate a acestuia. Acest tip de serviciu, cunoscut \u0219i ca FTL (Full Truck Load), ofer\u0103 avantajul unor timpi de livrare mai scur\u021bi comparativ cu transportul \u00een regim de grupaj. Camionul efectueaz\u0103 o curs\u0103 dedicat\u0103, asigur\u00e2nd livrarea sigur\u0103 \u0219i punctual\u0103 de la punctul de preluare la destina\u021bie.<br>Oferim tarife competitive pentru transportul complet, at\u00e2t pentru export, c\u00e2t \u0219i pentru import.<\/p>\n<\/div>\n\n\n\n<hr class=\"wp-block-separator has-text-color has-alpha-channel-opacity has-background is-style-default wp-container-content-e2fe384e\" style=\"margin-top:0;margin-bottom:0;background-color:#3a6a72;color:#3a6a72\"\/>\n<\/div>\n\n\n\n<div class=\"wp-block-group is-vertical is-content-justification-stretch is-layout-flex wp-container-core-group-is-layout-84d03ca2 wp-block-group-is-layout-flex has-background\" style=\"padding-top:110px;padding-right:300px;padding-bottom:110px;padding-left:300px;background-image:url(&apos;https:\/\/goodtrans.md\/wp-content\/uploads\/2025\/07\/1.png&apos;);background-position:55.00000000000001% 60%;background-size:cover;\"><\/div>\n<\/div>\n\n\n\n<div class=\"wp-block-group is-vertical is-content-justification-stretch is-layout-flex wp-container-core-group-is-layout-2ec3b901 wp-block-group-is-layout-flex block-visibility-hide-large-screen\" style=\"margin-top:0;margin-bottom:0;padding-top:0;padding-right:0;padding-bottom:0;padding-left:0\">\n<div class=\"wp-block-group is-vertical is-content-justification-stretch is-layout-flex wp-container-core-group-is-layout-03e00839 wp-block-group-is-layout-flex has-background\" style=\"padding-top:143px;padding-right:var(--wp--preset--spacing--80);padding-bottom:143px;padding-left:var(--wp--preset--spacing--80);background-image:url(&apos;https:\/\/goodtrans.md\/wp-content\/uploads\/2025\/07\/1.png&apos;);background-position:50% 50%;background-repeat:no-repeat;background-size:contain;\"><\/div>\n\n\n\n<div class=\"wp-block-group is-vertical is-content-justification-stretch is-layout-flex wp-container-core-group-is-layout-97ba7d6f wp-block-group-is-layout-flex block-visibility-hide-large-screen\" style=\"margin-top:var(--wp--preset--spacing--50);margin-bottom:var(--wp--preset--spacing--50);padding-top:0;padding-right:var(--wp--preset--spacing--30);padding-bottom:0;padding-left:0\">\n<div class=\"wp-block-group is-vertical is-content-justification-stretch is-layout-flex wp-container-core-group-is-layout-fd720049 wp-block-group-is-layout-flex\">\n<div id=\"text-to-justify\" class=\"wp-block-group is-content-justification-space-between is-nowrap is-layout-flex wp-container-core-group-is-layout-1d473207 wp-block-group-is-layout-flex\" style=\"padding-right:var(--wp--preset--spacing--50);padding-left:var(--wp--preset--spacing--50)\">\n<p class=\"has-text-align-left has-medium-font-size\">Transportul complet presupune utilizarea exclusiv\u0103 a unui mijloc de transport pentru m\u0103rfuri, indiferent dac\u0103 se utilizeaz\u0103 \u00eentreaga capacitate a acestuia. Acest tip de serviciu, cunoscut \u0219i ca FTL (Full Truck Load), ofer\u0103 avantajul unor timpi de livrare mai scur\u021bi comparativ cu transportul \u00een regim de grupaj. Camionul efectueaz\u0103 o curs\u0103 dedicat\u0103, asigur\u00e2nd livrarea sigur\u0103 \u0219i punctual\u0103 de la punctul de preluare la destina\u021bie.<br>Oferim tarife competitive pentru transportul complet, at\u00e2t pentru export, c\u00e2t \u0219i pentru import.<\/p>\n<\/div>\n<\/div>\n<\/div>\n\n\n\n<hr class=\"wp-block-separator has-text-color has-alpha-channel-opacity has-background is-style-default wp-container-content-c1d130ea\" style=\"margin-top:0;margin-bottom:0;background-color:#3a6a72;color:#3a6a72\"\/>\n<\/div>\n<\/div>\n\n\n\n<div class=\"wp-block-group is-vertical is-content-justification-stretch is-layout-flex wp-container-core-group-is-layout-07b746ab wp-block-group-is-layout-flex\" style=\"margin-top:0;margin-bottom:0\">\n<div class=\"wp-block-group is-content-justification-center is-nowrap is-layout-flex wp-container-core-group-is-layout-767976f7 wp-block-group-is-layout-flex\" style=\"margin-top:0;margin-bottom:var(--wp--preset--spacing--30)\">\n<p class=\"has-text-align-center has-x-large-font-size\"><strong>Transport Frigorific<\/strong><\/p>\n<\/div>\n\n\n\n<div class=\"wp-block-group is-nowrap is-layout-flex wp-container-core-group-is-layout-21d1d661 wp-block-group-is-layout-flex block-visibility-hide-medium-screen block-visibility-hide-small-screen\" style=\"padding-right:220px;padding-left:220px\">\n<div class=\"wp-block-group has-global-padding is-layout-constrained wp-container-core-group-is-layout-ef394193 wp-block-group-is-layout-constrained has-background\" style=\"padding-top:128px;padding-right:300px;padding-bottom:128px;padding-left:300px;background-image:url(&apos;https:\/\/goodtrans.md\/wp-content\/uploads\/2025\/07\/Top-side-truck.png&apos;);background-position:61% 53%;background-size:cover;\"><\/div>\n\n\n\n<div class=\"wp-block-group is-vertical is-layout-flex wp-container-core-group-is-layout-e55c2d9f wp-block-group-is-layout-flex\" style=\"margin-bottom:2px\">\n<div id=\"text-to-justify\" class=\"wp-block-group is-nowrap is-layout-flex wp-container-core-group-is-layout-157b800d wp-block-group-is-layout-flex\" style=\"padding-left:var(--wp--preset--spacing--50)\">\n<p class=\"has-text-align-left has-medium-font-size\">Asigur\u0103m servicii de transport frigorific cu temperatur\u0103 controlat\u0103, \u00een intervalul -20\u00b0C p\u00e2n\u0103 la +25\u00b0C, pentru dou\u0103 categorii principale:<\/p>\n<\/div>\n\n\n\n<div id=\"text-to-justify\" class=\"wp-block-group is-nowrap is-layout-flex wp-container-core-group-is-layout-23c7c47e wp-block-group-is-layout-flex\" style=\"border-radius:0px;border-top-color:#244f56;border-top-width:2px;border-right-color:#244f56;border-right-width:2px;border-bottom-color:#244f56;border-bottom-width:2px;border-left-style:none;border-left-width:0px;padding-top:var(--wp--preset--spacing--20);padding-right:var(--wp--preset--spacing--30);padding-bottom:var(--wp--preset--spacing--20);padding-left:var(--wp--preset--spacing--50);box-shadow:var(--wp--preset--shadow--shadow-2)\">\n<p class=\"has-text-align-left has-medium-font-size\"> \u2022 Transport frigorific cu congelare \u2014 pentru bunuri congelate, cum ar fi pe\u0219te sau carne congelat\u0103, men\u021binute la temperaturi \u00eentre -18\u00b0C \u0219i -20\u00b0C;<\/p>\n<\/div>\n\n\n\n<div id=\"text-to-justify\" class=\"wp-block-group is-nowrap is-layout-flex wp-container-core-group-is-layout-23c7c47e wp-block-group-is-layout-flex\" style=\"border-radius:0px;border-top-color:#244f56;border-top-width:2px;border-right-color:#244f56;border-right-width:2px;border-bottom-color:#244f56;border-bottom-width:2px;border-left-style:none;border-left-width:0px;padding-top:var(--wp--preset--spacing--20);padding-right:var(--wp--preset--spacing--30);padding-bottom:var(--wp--preset--spacing--20);padding-left:var(--wp--preset--spacing--50);box-shadow:var(--wp--preset--shadow--shadow-2)\">\n<p class=\"has-text-align-left has-medium-font-size\"> \u2022 Transport frigorific cu refrigerare \u2014 pentru produse care necesit\u0103 r\u0103cire constant\u0103, precum pe\u0219te proasp\u0103t, carne, legume, fructe, flori sau medicamente.<\/p>\n<\/div>\n<\/div>\n<\/div>\n\n\n\n<div class=\"wp-block-group is-vertical is-content-justification-stretch is-layout-flex wp-container-core-group-is-layout-c57dc1b6 wp-block-group-is-layout-flex block-visibility-hide-large-screen\" style=\"padding-right:0;padding-left:0\">\n<div class=\"wp-block-group is-content-justification-center is-nowrap is-layout-flex wp-container-core-group-is-layout-6ea29980 wp-block-group-is-layout-flex has-background\" style=\"padding-top:162px;padding-right:var(--wp--preset--spacing--80);padding-bottom:162px;padding-left:var(--wp--preset--spacing--80);background-image:url(&apos;https:\/\/goodtrans.md\/wp-content\/uploads\/2025\/07\/Top-side-truck.png&apos;);background-position:61% 53%;background-size:cover;\"><\/div>\n\n\n\n<div class=\"wp-block-group is-nowrap is-layout-flex wp-container-core-group-is-layout-23c31b25 wp-block-group-is-layout-flex\" style=\"padding-top:0;padding-right:var(--wp--preset--spacing--60);padding-bottom:0;padding-left:var(--wp--preset--spacing--60)\">\n<div class=\"wp-block-group is-vertical is-layout-flex wp-container-core-group-is-layout-e55c2d9f wp-block-group-is-layout-flex\" style=\"margin-bottom:2px\">\n<div id=\"text-to-justify\" class=\"wp-block-group is-content-justification-center is-nowrap is-layout-flex wp-container-core-group-is-layout-fedfac19 wp-block-group-is-layout-flex\" style=\"margin-top:var(--wp--preset--spacing--30);padding-left:0\">\n<p class=\"has-text-align-center has-medium-font-size\" id=\"text-to-justify\">Asigur\u0103m servicii de transport frigorific cu temperatur\u0103 controlat\u0103, \u00een intervalul -20\u00b0C p\u00e2n\u0103 la +25\u00b0C, pentru dou\u0103 categorii principale:<\/p>\n<\/div>\n\n\n\n<div id=\"text-to-justify\" class=\"wp-block-group is-nowrap is-layout-flex wp-container-core-group-is-layout-23c7c47e wp-block-group-is-layout-flex\" style=\"border-radius:0px;border-top-color:#244f56;border-top-width:2px;border-right-color:#244f56;border-right-width:2px;border-bottom-color:#244f56;border-bottom-width:2px;border-left-style:none;border-left-width:0px;padding-top:var(--wp--preset--spacing--20);padding-right:var(--wp--preset--spacing--30);padding-bottom:var(--wp--preset--spacing--20);padding-left:var(--wp--preset--spacing--50);box-shadow:var(--wp--preset--shadow--shadow-2)\">\n<p class=\"has-text-align-left has-medium-font-size\"> \u2022 Transport frigorific cu congelare \u2014 pentru bunuri congelate, cum ar fi pe\u0219te sau carne congelat\u0103, men\u021binute la temperaturi \u00eentre -18\u00b0C \u0219i -20\u00b0C;<\/p>\n<\/div>\n\n\n\n<div id=\"text-to-justify\" class=\"wp-block-group is-nowrap is-layout-flex wp-container-core-group-is-layout-23c7c47e wp-block-group-is-layout-flex\" style=\"border-radius:0px;border-top-color:#244f56;border-top-width:2px;border-right-color:#244f56;border-right-width:2px;border-bottom-color:#244f56;border-bottom-width:2px;border-left-style:none;border-left-width:0px;padding-top:var(--wp--preset--spacing--20);padding-right:var(--wp--preset--spacing--30);padding-bottom:var(--wp--preset--spacing--20);padding-left:var(--wp--preset--spacing--50);box-shadow:var(--wp--preset--shadow--shadow-2)\">\n<p class=\"has-text-align-left has-medium-font-size\"> \u2022 Transport frigorific cu refrigerare \u2014 pentru produse care necesit\u0103 r\u0103cire constant\u0103, precum pe\u0219te proasp\u0103t, carne, legume, fructe, flori sau medicamente.<\/p>\n<\/div>\n<\/div>\n<\/div>\n<\/div>\n<\/div>\n\n\n\n<div class=\"wp-block-group is-vertical is-content-justification-stretch is-layout-flex wp-container-core-group-is-layout-83690a9e wp-block-group-is-layout-flex\" style=\"margin-top:0;margin-bottom:0\">\n<div class=\"wp-block-group is-vertical is-content-justification-center is-layout-flex wp-container-core-group-is-layout-582cdc1d wp-block-group-is-layout-flex\" style=\"margin-top:0;margin-bottom:0\">\n<p class=\"has-text-align-center has-x-large-font-size\"><strong>Transport Agabaritic<\/strong><\/p>\n<\/div>\n\n\n\n<div class=\"wp-block-group is-content-justification-space-between is-nowrap is-layout-flex wp-container-core-group-is-layout-75613ac9 wp-block-group-is-layout-flex block-visibility-hide-medium-screen block-visibility-hide-small-screen\" style=\"padding-top:0;padding-right:220px;padding-left:220px\">\n<div class=\"wp-block-group is-vertical is-content-justification-stretch is-layout-flex wp-container-core-group-is-layout-bc1c7aac wp-block-group-is-layout-flex\" style=\"padding-right:0;padding-left:0\">\n<div class=\"wp-block-group is-vertical is-layout-flex wp-container-core-group-is-layout-b1c6511e wp-block-group-is-layout-flex\" style=\"padding-right:var(--wp--preset--spacing--50);padding-left:0\">\n<p class=\"has-medium-font-size\" id=\"text-to-justify\">Oferim servicii specializate pentru transportul agabaritic, inclusiv:<\/p>\n\n\n\n<div id=\"text-to-justify\" class=\"wp-block-group is-nowrap is-layout-flex wp-container-core-group-is-layout-6c531013 wp-block-group-is-layout-flex\">\n<p class=\"has-medium-font-size\"> \u2022 Utilaje agricole \u0219i de construc\u021bii;<br> \u2022 Grinzi de beton;<br> \u2022 Silozuri;<br> \u2022 Mini-fabrici \u0219i uzine;<br> \u2022 Echipamente pentru industriile petrolier\u0103, energetic\u0103 \u0219i chimic\u0103;<br> \u2022 Structuri metalice \u0219i hale industriale.<\/p>\n<\/div>\n\n\n\n<p class=\"has-medium-font-size\"><br>Contacta\u021bi-ne pentru solu\u021bii personalizate \u0219i eficiente de transport rutier interna\u021bional!<\/p>\n<\/div>\n\n\n\n<hr class=\"wp-block-separator has-text-color has-alpha-channel-opacity has-background is-style-default wp-container-content-4daaf377\" style=\"margin-top:0;margin-bottom:0;background-color:#3a6a72;color:#3a6a72\"\/>\n<\/div>\n\n\n\n<div class=\"wp-block-group is-vertical is-content-justification-stretch is-layout-flex wp-container-core-group-is-layout-a93fb5d2 wp-block-group-is-layout-flex has-background\" style=\"padding-top:113px;padding-right:300px;padding-bottom:113px;padding-left:300px;background-image:url(&apos;https:\/\/goodtrans.md\/wp-content\/uploads\/2025\/07\/Winter-Top-Side-Truck.png&apos;);background-position:55.00000000000001% 60%;background-size:cover;\"><\/div>\n<\/div>\n\n\n\n<div class=\"wp-block-group is-vertical is-content-justification-stretch is-layout-flex wp-container-core-group-is-layout-da213e08 wp-block-group-is-layout-flex block-visibility-hide-large-screen\" style=\"padding-top:0;padding-right:0;padding-left:0\">\n<div class=\"wp-block-group is-vertical is-content-justification-stretch is-layout-flex wp-container-core-group-is-layout-c65e5982 wp-block-group-is-layout-flex has-background\" style=\"padding-top:162px;padding-right:0;padding-bottom:162px;padding-left:0;background-image:url(&apos;https:\/\/goodtrans.md\/wp-content\/uploads\/2025\/07\/Winter-Top-Side-Truck.png&apos;);background-position:55.00000000000001% 60%;background-size:cover;\"><\/div>\n\n\n\n<div class=\"wp-block-group is-vertical is-content-justification-center is-layout-flex wp-container-core-group-is-layout-5aea4bc5 wp-block-group-is-layout-flex\" style=\"padding-right:var(--wp--preset--spacing--30);padding-left:var(--wp--preset--spacing--30)\">\n<div class=\"wp-block-group is-vertical is-layout-flex wp-container-core-group-is-layout-44185fc6 wp-block-group-is-layout-flex\" style=\"padding-right:var(--wp--preset--spacing--50)\">\n<p class=\"has-medium-font-size\" id=\"text-to-justify\">Oferim servicii specializate pentru transportul agabaritic, inclusiv:<\/p>\n\n\n\n<div class=\"wp-block-group is-nowrap is-layout-flex wp-container-core-group-is-layout-b856abfc wp-block-group-is-layout-flex\" style=\"padding-top:var(--wp--preset--spacing--30);padding-left:var(--wp--preset--spacing--30)\">\n<p class=\"has-medium-font-size\"> \u2022 Utilaje agricole \u0219i de construc\u021bii;<br> \u2022 Grinzi de beton;<br> \u2022 Silozuri;<br> \u2022 Mini-fabrici \u0219i uzine;<br> \u2022 Echipamente pentru industriile petrolier\u0103, energetic\u0103 \u0219i chimic\u0103;<br> \u2022 Structuri metalice \u0219i hale industriale.<\/p>\n<\/div>\n\n\n\n<p class=\"has-medium-font-size\">Contacta\u021bi-ne pentru solu\u021bii personalizate \u0219i eficiente de transport rutier interna\u021bional!<\/p>\n<\/div>\n<\/div>\n\n\n\n<hr class=\"wp-block-separator has-text-color has-alpha-channel-opacity has-background is-style-default wp-container-content-c1d130ea\" style=\"margin-top:0;margin-bottom:0;background-color:#3a6a72;color:#3a6a72\"\/>\n<\/div>\n<\/div>\n<\/div>\n","protected":false},"excerpt":{"rendered":"<p>Transport Auto Complet (FTL \u2013 Full Truck Load) Transport Auto Complet (FTL) Transportul complet presupune utilizarea exclusiv\u0103 a unui mijloc de transport pentru m\u0103rfuri, indiferent dac\u0103 se utilizeaz\u0103 \u00eentreaga capacitate a acestuia. Acest tip de serviciu, cunoscut \u0219i ca FTL (Full Truck Load), ofer\u0103 avantajul unor timpi de livrare mai scur\u021bi comparativ cu transportul \u00een [&hellip;]<\/p>\n","protected":false},"author":1,"featured_media":1099,"parent":0,"menu_order":0,"comment_status":"closed","ping_status":"closed","template":"wp-custom-template-serviciu","meta":{"footnotes":""},"class_list":["post-1025","page","type-page","status-publish","has-post-thumbnail","hentry"],"aioseo_notices":[],"_links":{"self":[{"href":"https:\/\/goodtrans.md\/ro\/wp-json\/wp\/v2\/pages\/1025","targetHints":{"allow":["GET"]}}],"collection":[{"href":"https:\/\/goodtrans.md\/ro\/wp-json\/wp\/v2\/pages"}],"about":[{"href":"https:\/\/goodtrans.md\/ro\/wp-json\/wp\/v2\/types\/page"}],"author":[{"embeddable":true,"href":"https:\/\/goodtrans.md\/ro\/wp-json\/wp\/v2\/users\/1"}],"replies":[{"embeddable":true,"href":"https:\/\/goodtrans.md\/ro\/wp-json\/wp\/v2\/comments?post=1025"}],"version-history":[{"count":216,"href":"https:\/\/goodtrans.md\/ro\/wp-json\/wp\/v2\/pages\/1025\/revisions"}],"predecessor-version":[{"id":2884,"href":"https:\/\/goodtrans.md\/ro\/wp-json\/wp\/v2\/pages\/1025\/revisions\/2884"}],"wp:featuredmedia":[{"embeddable":true,"href":"https:\/\/goodtrans.md\/ro\/wp-json\/wp\/v2\/media\/1099"}],"wp:attachment":[{"href":"https:\/\/goodtrans.md\/ro\/wp-json\/wp\/v2\/media?parent=1025"}],"curies":[{"name":"wp","href":"https:\/\/api.w.org\/{rel}","templated":true}]}}